{"id":72,"date":"2021-11-26T08:00:16","date_gmt":"2021-11-26T08:00:16","guid":{"rendered":"https:\/\/wptf.themepul.com\/ecolar\/?page_id=72"},"modified":"2025-03-14T14:04:49","modified_gmt":"2025-03-14T14:04:49","slug":"kontakt","status":"publish","type":"page","link":"https:\/\/mutterteresa-hwv.ch\/al\/kontakt\/","title":{"rendered":"Kontakt"},"content":{"rendered":"<div data-elementor-type=\"wp-page\" data-elementor-id=\"72\" class=\"elementor elementor-72\" data-elementor-post-type=\"page\">\n\t\t\t\t\t\t<section class=\"elementor-section elementor-top-section elementor-element elementor-element-04910c1 elementor-section-full_width elementor-section-height-min-height elementor-section-stretched elementor-section-height-default elementor-section-items-middle\" data-id=\"04910c1\" data-element_type=\"section\" data-settings=\"{&quot;stretch_section&quot;:&quot;section-stretched&quot;,&quot;background_background&quot;:&quot;classic&quot;}\">\n\t\t\t\t\t\t<div class=\"elementor-container elementor-column-gap-default\">\n\t\t\t\t\t<div class=\"elementor-column elementor-col-100 elementor-top-column elementor-element elementor-element-d51fb85\" data-id=\"d51fb85\" data-element_type=\"column\">\n\t\t\t<div class=\"elementor-widget-wrap\">\n\t\t\t\t\t\t\t<\/div>\n\t\t<\/div>\n\t\t\t\t\t<\/div>\n\t\t<\/section>\n\t\t<div class=\"elementor-element elementor-element-03319bd e-flex e-con-boxed e-con e-parent\" data-id=\"03319bd\" data-element_type=\"container\">\n\t\t\t\t\t<div class=\"e-con-inner\">\n\t\t\t\t<div class=\"elementor-element elementor-element-99e711f elementor-widget elementor-widget-heading\" data-id=\"99e711f\" data-element_type=\"widget\" data-widget_type=\"heading.default\">\n\t\t\t\t<div class=\"elementor-widget-container\">\n\t\t\t\t\t<h2 class=\"elementor-heading-title elementor-size-default\">Pyetje, sugjerime apo shqet\u00ebsime \u2013 ju lutemi mos hezitoni t\u00eb na kontaktoni. <\/h2>\t\t\t\t<\/div>\n\t\t\t\t<\/div>\n\t\t\t\t\t<\/div>\n\t\t\t\t<\/div>\n\t\t<div class=\"elementor-element elementor-element-371dbd6 e-flex e-con-boxed e-con e-parent\" data-id=\"371dbd6\" data-element_type=\"container\">\n\t\t\t\t\t<div class=\"e-con-inner\">\n\t\t<div class=\"elementor-element elementor-element-338210b e-con-full e-flex e-con e-child\" data-id=\"338210b\" data-element_type=\"container\" data-settings=\"{&quot;background_background&quot;:&quot;classic&quot;}\">\n\t\t\t\t<div class=\"elementor-element elementor-element-aa40b2a elementor-widget elementor-widget-heading\" data-id=\"aa40b2a\" data-element_type=\"widget\" data-widget_type=\"heading.default\">\n\t\t\t\t<div class=\"elementor-widget-container\">\n\t\t\t\t\t<h2 class=\"elementor-heading-title elementor-size-default\">Mesazhi juaj<\/h2>\t\t\t\t<\/div>\n\t\t\t\t<\/div>\n\t\t\t\t<div class=\"elementor-element elementor-element-52b2659 elementor-widget elementor-widget-ecolar_ctf7\" data-id=\"52b2659\" data-element_type=\"widget\" data-widget_type=\"ecolar_ctf7.default\">\n\t\t\t\t<div class=\"elementor-widget-container\">\n\t\t\t\t\t        <div class=\"ecolar-ctf7s-wrapper\">\r\n        \n<div class=\"wpcf7 no-js\" id=\"wpcf7-f1316-o1\" lang=\"en-US\" dir=\"ltr\" data-wpcf7-id=\"1316\">\n<div class=\"screen-reader-response\"><p role=\"status\" aria-live=\"polite\" aria-atomic=\"true\"><\/p> <ul><\/ul><\/div>\n<form action=\"\/al\/wp-json\/wp\/v2\/pages\/72#wpcf7-f1316-o1\" method=\"post\" class=\"wpcf7-form init\" aria-label=\"Contact form\" novalidate=\"novalidate\" data-status=\"init\" data-trp-original-action=\"\/al\/wp-json\/wp\/v2\/pages\/72#wpcf7-f1316-o1\">\n<fieldset class=\"hidden-fields-container\"><input type=\"hidden\" name=\"_wpcf7\" value=\"1316\" \/><input type=\"hidden\" name=\"_wpcf7_version\" value=\"6.1.1\" \/><input type=\"hidden\" name=\"_wpcf7_locale\" value=\"en_US\" \/><input type=\"hidden\" name=\"_wpcf7_unit_tag\" value=\"wpcf7-f1316-o1\" \/><input type=\"hidden\" name=\"_wpcf7_container_post\" value=\"0\" \/><input type=\"hidden\" name=\"_wpcf7_posted_data_hash\" value=\"\" \/>\n<\/fieldset>\n<div class=\"ecolar-contact-form\">\n\t<div class=\"row\">\n\t\t<div class=\"col-12 col-md-6\">\n\t\t\t<div class=\"ecolar-input name\">\n\t\t\t\t<p><span class=\"wpcf7-form-control-wrap\" data-name=\"fullname\"><input size=\"40\" maxlength=\"400\" class=\"wpcf7-form-control wpcf7-text wpcf7-validates-as-required\" aria-required=\"true\" aria-invalid=\"false\" placeholder=\"Emri\" value=\"\" type=\"text\" name=\"fullname\" \/><\/span>\n\t\t\t\t<\/p>\n\t\t\t<\/div>\n\t\t<\/div>\n\t\t<div class=\"col-12 col-md-6\">\n\t\t\t<div class=\"ecolar-input email\">\n\t\t\t\t<p><span class=\"wpcf7-form-control-wrap\" data-name=\"youremail\"><input size=\"40\" maxlength=\"400\" class=\"wpcf7-form-control wpcf7-email wpcf7-validates-as-required wpcf7-text wpcf7-validates-as-email\" aria-required=\"true\" aria-invalid=\"false\" placeholder=\"E-Mail\" value=\"\" type=\"email\" name=\"youremail\" \/><\/span>\n\t\t\t\t<\/p>\n\t\t\t<\/div>\n\t\t<\/div>\n\t\t<div class=\"col-12 col-md-12\">\n\t\t\t<div class=\"ecolar-input message\">\n\t\t\t\t<p><span class=\"wpcf7-form-control-wrap\" data-name=\"WriteMessage\"><textarea cols=\"10\" rows=\"5\" maxlength=\"2000\" class=\"wpcf7-form-control wpcf7-textarea wpcf7-validates-as-required\" aria-required=\"true\" aria-invalid=\"false\" placeholder=\"Shkruani mesazhin\" name=\"WriteMessage\"><\/textarea><\/span>\n\t\t\t\t<\/p>\n\t\t\t<\/div>\n\t\t\t<div class=\"ecolar-message-btn\">\n\t\t\t\t<p><input class=\"wpcf7-form-control wpcf7-submit has-spinner\" type=\"submit\" value=\"Dergo mesazhin\" \/>\n\t\t\t\t<\/p>\n\t\t\t<\/div>\n\t\t<\/div>\n\t<\/div>\n<\/div><div class=\"wpcf7-response-output\" aria-hidden=\"true\"><\/div>\n<input type=\"hidden\" name=\"trp-form-language\" value=\"al\"\/><\/form>\n<\/div>\n        <\/div>\r\n        \t\t\t\t<\/div>\n\t\t\t\t<\/div>\n\t\t\t\t<\/div>\n\t\t<div class=\"elementor-element elementor-element-52c796a e-con-full e-flex e-con e-child\" data-id=\"52c796a\" data-element_type=\"container\" data-settings=\"{&quot;background_background&quot;:&quot;classic&quot;}\">\n\t\t\t\t<div class=\"elementor-element elementor-element-5a2bcd4 elementor-widget elementor-widget-ecolar_contact_list\" data-id=\"5a2bcd4\" data-element_type=\"widget\" data-widget_type=\"ecolar_contact_list.default\">\n\t\t\t\t<div class=\"elementor-widget-container\">\n\t\t\t\t\t        <div class=\"ecolar-contact-list-wrapper\">\r\n            <div class=\"contact-list-info\">\r\n                                <div class=\"contact-list-item\">\r\n                    <div class=\"contact-label\">\r\n                        <span>ADRESA<\/span>\r\n                    <\/div>\r\n                    <div class=\"contact-linfo\">\r\n                        <div class=\"TDF87d\">Mutter Teresa - HWV Schweiz<\/div><div class=\"vKmG2c\">Luzernerstrasse 88, 6014 Luzern, Schweiz<\/div>                    <\/div>\r\n                <\/div>\r\n                                <div class=\"contact-list-item\">\r\n                    <div class=\"contact-label\">\r\n                        <span>Telefoni<\/span>\r\n                    <\/div>\r\n                    <div class=\"contact-linfo\">\r\n                        <p><a href=\"tel:0412502792\">041 250 27 92<\/a><\/p>                    <\/div>\r\n                <\/div>\r\n                                <div class=\"contact-list-item\">\r\n                    <div class=\"contact-label\">\r\n                        <span>E-mail<\/span>\r\n                    <\/div>\r\n                    <div class=\"contact-linfo\">\r\n                        <a href=\"mailto:info@mutterteresa-hwv.ch\">info@mutterteresa-hwv.ch<\/a>                    <\/div>\r\n                <\/div>\r\n                            <\/div>\r\n        <\/div>\r\n        \t\t\t\t<\/div>\n\t\t\t\t<\/div>\n\t\t\t\t<div class=\"elementor-element elementor-element-b718a53 elementor-widget elementor-widget-ecolar_social_icons\" data-id=\"b718a53\" data-element_type=\"widget\" data-widget_type=\"ecolar_social_icons.default\">\n\t\t\t\t<div class=\"elementor-widget-container\">\n\t\t\t\t\t        <div class=\"ecolar-social-wrapper\">\r\n            <div class=\"ecolar-social-icon-box\">\r\n                                <ul>\r\n                 <li><a href=\"\" title=\"Facebook\"  target=\"_blank\" rel=\"nofollow\"><i class=\"flaticon flaticon-facebook-2\"><\/i><\/a><\/li> <li><a href=\"\" title=\"Email\"  target=\"_blank\" rel=\"nofollow\"><i class=\"flaticon flaticon-email\"><\/i><\/a><\/li> <li><a href=\"\" title=\"Phone\"  target=\"_blank\" rel=\"nofollow\"><i class=\"fas fa-phone-alt\"><\/i><\/a><\/li>                <\/ul>\r\n            <\/div>\r\n        <\/div>\r\n        \t\t\t\t<\/div>\n\t\t\t\t<\/div>\n\t\t\t\t<\/div>\n\t\t<div class=\"elementor-element elementor-element-f33b081 e-con-full e-flex e-con e-child\" data-id=\"f33b081\" data-element_type=\"container\">\n\t\t\t\t<div class=\"elementor-element elementor-element-1b85124 elementor-widget elementor-widget-google_maps\" data-id=\"1b85124\" data-element_type=\"widget\" data-widget_type=\"google_maps.default\">\n\t\t\t\t<div class=\"elementor-widget-container\">\n\t\t\t\t\t\t\t<div class=\"elementor-custom-embed\">\n\t\t\t<iframe loading=\"lazy\"\n\t\t\t\t\tsrc=\"https:\/\/maps.google.com\/maps?q=Mutter%20Theresa%20-%20HWV%20Schweiz%20Luzernerstrasse%2088%2C%206014%20Luzern%2C%20Switzerland&#038;t=m&#038;z=12&#038;output=embed&#038;iwloc=near\"\n\t\t\t\t\ttitle=\"Mutter Theresa - HWV Schweiz Luzernerstrasse 88, 6014 Luzern, Switzerland\"\n\t\t\t\t\taria-label=\"Mutter Theresa - HWV Schweiz Luzernerstrasse 88, 6014 Luzern, Switzerland\"\n\t\t\t><\/iframe>\n\t\t<\/div>\n\t\t\t\t\t\t<\/div>\n\t\t\t\t<\/div>\n\t\t\t\t<\/div>\n\t\t\t\t\t<\/div>\n\t\t\t\t<\/div>\n\t\t\t\t<section class=\"elementor-section elementor-top-section elementor-element elementor-element-de93dd5 elementor-section-stretched elementor-section-content-middle elementor-section-boxed elementor-section-height-default elementor-section-height-default\" data-id=\"de93dd5\" data-element_type=\"section\" data-settings=\"{&quot;stretch_section&quot;:&quot;section-stretched&quot;,&quot;background_background&quot;:&quot;classic&quot;}\">\n\t\t\t\t\t\t\t<div class=\"elementor-background-overlay\"><\/div>\n\t\t\t\t\t\t\t<div class=\"elementor-container elementor-column-gap-no\">\n\t\t\t\t\t<div class=\"elementor-column elementor-col-33 elementor-top-column elementor-element elementor-element-655433e\" data-id=\"655433e\" data-element_type=\"column\">\n\t\t\t<div class=\"elementor-widget-wrap\">\n\t\t\t\t\t\t\t<\/div>\n\t\t<\/div>\n\t\t\t\t<div class=\"elementor-column elementor-col-33 elementor-top-column elementor-element elementor-element-8a4c7e6\" data-id=\"8a4c7e6\" data-element_type=\"column\">\n\t\t\t<div class=\"elementor-widget-wrap elementor-element-populated\">\n\t\t\t\t\t\t<div class=\"elementor-element elementor-element-cf3b7c4 elementor-widget elementor-widget-ecolar_testimonials\" data-id=\"cf3b7c4\" data-element_type=\"widget\" data-widget_type=\"ecolar_testimonials.default\">\n\t\t\t\t<div class=\"elementor-widget-container\">\n\t\t\t\t\t\r\n\t\t\t<script>\r\n\t\t\tjQuery(document).ready(function($) {\r\n\t\t\t\t\"use strict\";\r\n\t\t\t\t$(\".testimonial-slide-2010\").slick({\r\n\t\t\t\t\tslidesToShow: 1,\r\n\t\t\t\t\tslidesToScroll: 1,\r\n                    arrows: false,\r\n                    rtl: false,\r\n\t\t\t\t\tdots: true,\r\n\t\t\t\t\tinfinite: true,\r\n\t\t\t\t\tautoplay: true,speed: 4000,autoplaySpeed: 3000,\r\n                    responsive: [\r\n\t\t\t\t\t\t{\r\n                            breakpoint: 1124,\r\n                            settings: {\r\n                                slidesToShow: 1\r\n                            }\r\n                        },\r\n                        {\r\n                            breakpoint: 992,\r\n                            settings: {\r\n                                slidesToShow: 1\r\n                            }\r\n                        },\r\n\t\t\t\t\t\t{\r\n\t\t\t\t\t\t\tbreakpoint: 769,\r\n\t\t\t\t\t\t\tsettings: {\r\n\t\t\t\t\t\t\t\tslidesToShow: 1\r\n\t\t\t\t\t\t\t}\r\n\t\t\t\t\t\t},\r\n\t\t\t\t\t\t{\r\n\t\t\t\t\t\t\tbreakpoint: 680,\r\n\t\t\t\t\t\t\tsettings: {\r\n\t\t\t\t\t\t\t\tslidesToShow: 1\r\n\t\t\t\t\t\t\t}\r\n\t\t\t\t\t\t}\r\n\t\t\t\t\t]\r\n\t\t\t\t});\r\n\t\t\t});\r\n\t\t\t<\/script>        <div class=\"testimonial-wrapper testimonial-one\">\r\n            <div class=\"testimonial-inner\">\r\n                <div class=\"testimonial-items testimonial-slide-2010 no-row\">\r\n                                            <div class=\"testimonial-single align-items-center no-col\">\r\n                                                        <div class=\"tesimonial-contents\">\r\n                                <div class=\"testi-icon\"><i class=\"fas fa-quote-right\"><\/i><\/div>\r\n                                <div class=\"testimonial-dec\"><p>\"Nuk t\u00eb gjith\u00eb prej nesh mund t\u00eb b\u00ebjn\u00eb gj\u00ebra t\u00eb m\u00ebdha. Por ne mund t\u00eb b\u00ebjm\u00eb gj\u00ebra t\u00eb vogla me shum\u00eb dashuri.\"<\/p><\/div>\r\n                                <div class=\"testimonial-info\">\r\n                                    <h2 class=\"testimonial-title\">N\u00ebn\u00eb Tereza<\/h2>\r\n                                    <h5 class=\"testimonial-sub-title\"><\/h5>\r\n                                <\/div>\r\n                            <\/div>\r\n                        <\/div>\r\n                                            <div class=\"testimonial-single align-items-center no-col\">\r\n                                                        <div class=\"tesimonial-contents\">\r\n                                <div class=\"testi-icon\"><i class=\"fas fa-quote-right\"><\/i><\/div>\r\n                                <div class=\"testimonial-dec\"><p>\"Kur gjykon njer\u00ebzit, nuk ke koh\u00eb t'i duash ata.\"<\/p><\/div>\r\n                                <div class=\"testimonial-info\">\r\n                                    <h2 class=\"testimonial-title\">N\u00ebn\u00eb Tereza<\/h2>\r\n                                    <h5 class=\"testimonial-sub-title\"><\/h5>\r\n                                <\/div>\r\n                            <\/div>\r\n                        <\/div>\r\n                                            <div class=\"testimonial-single align-items-center no-col\">\r\n                                                        <div class=\"tesimonial-contents\">\r\n                                <div class=\"testi-icon\"><i class=\"fas fa-quote-right\"><\/i><\/div>\r\n                                <div class=\"testimonial-dec\"><p>\"Un\u00eb vet\u00eb nuk mund ta ndryshoj bot\u00ebn, por mund t\u00eb hedh nj\u00eb gur mbi uj\u00eb p\u00ebr t\u00eb krijuar shum\u00eb vale.\"<\/p><\/div>\r\n                                <div class=\"testimonial-info\">\r\n                                    <h2 class=\"testimonial-title\">N\u00ebn\u00eb Tereza<\/h2>\r\n                                    <h5 class=\"testimonial-sub-title\"><\/h5>\r\n                                <\/div>\r\n                            <\/div>\r\n                        <\/div>\r\n                                            <div class=\"testimonial-single align-items-center no-col\">\r\n                                                        <div class=\"tesimonial-contents\">\r\n                                <div class=\"testi-icon\"><i class=\"fas fa-quote-right\"><\/i><\/div>\r\n                                <div class=\"testimonial-dec\"><p>\"P\u00ebrhap dashuri, kudo q\u00eb t\u00eb shkosh. Mos lejo ask\u00ebnd t\u00eb vij\u00eb te ti pa u larguar m\u00eb i lumtur.\"<\/p><\/div>\r\n                                <div class=\"testimonial-info\">\r\n                                    <h2 class=\"testimonial-title\">N\u00ebn\u00eb Tereza<\/h2>\r\n                                    <h5 class=\"testimonial-sub-title\"><\/h5>\r\n                                <\/div>\r\n                            <\/div>\r\n                        <\/div>\r\n                                            <div class=\"testimonial-single align-items-center no-col\">\r\n                                                        <div class=\"tesimonial-contents\">\r\n                                <div class=\"testi-icon\"><i class=\"fas fa-quote-right\"><\/i><\/div>\r\n                                <div class=\"testimonial-dec\"><p>\"Fjal\u00ebt miq\u00ebsore mund t\u00eb thuhen shkurt dhe thjesht, por pasojat e tyre jan\u00eb v\u00ebrtet t\u00eb pafundme.\"<\/p><\/div>\r\n                                <div class=\"testimonial-info\">\r\n                                    <h2 class=\"testimonial-title\">N\u00ebn\u00eb Tereza<\/h2>\r\n                                    <h5 class=\"testimonial-sub-title\"><\/h5>\r\n                                <\/div>\r\n                            <\/div>\r\n                        <\/div>\r\n                                            <div class=\"testimonial-single align-items-center no-col\">\r\n                                                        <div class=\"tesimonial-contents\">\r\n                                <div class=\"testi-icon\"><i class=\"fas fa-quote-right\"><\/i><\/div>\r\n                                <div class=\"testimonial-dec\"><p>\"Uri p\u00ebr dashuri \u00ebsht\u00eb shum\u00eb m\u00eb e v\u00ebshtir\u00eb t\u00eb ngopet sesa uri p\u00ebr buk\u00eb\"<\/p><\/div>\r\n                                <div class=\"testimonial-info\">\r\n                                    <h2 class=\"testimonial-title\">N\u00ebn\u00eb Tereza<\/h2>\r\n                                    <h5 class=\"testimonial-sub-title\"><\/h5>\r\n                                <\/div>\r\n                            <\/div>\r\n                        <\/div>\r\n                                            <div class=\"testimonial-single align-items-center no-col\">\r\n                                                        <div class=\"tesimonial-contents\">\r\n                                <div class=\"testi-icon\"><i class=\"fas fa-quote-right\"><\/i><\/div>\r\n                                <div class=\"testimonial-dec\"><p>\"Paqja fillon me nj\u00eb buz\u00ebqeshje\"<\/p><\/div>\r\n                                <div class=\"testimonial-info\">\r\n                                    <h2 class=\"testimonial-title\">N\u00ebn\u00eb Tereza<\/h2>\r\n                                    <h5 class=\"testimonial-sub-title\"><\/h5>\r\n                                <\/div>\r\n                            <\/div>\r\n                        <\/div>\r\n                                    <\/div>\r\n            <\/div>\r\n        <\/div>\r\n        \t\t\t\t<\/div>\n\t\t\t\t<\/div>\n\t\t\t\t\t<\/div>\n\t\t<\/div>\n\t\t\t\t<div class=\"elementor-column elementor-col-33 elementor-top-column elementor-element elementor-element-16c8aea\" data-id=\"16c8aea\" data-element_type=\"column\">\n\t\t\t<div class=\"elementor-widget-wrap\">\n\t\t\t\t\t\t\t<\/div>\n\t\t<\/div>\n\t\t\t\t\t<\/div>\n\t\t<\/section>\n\t\t<div class=\"elementor-element elementor-element-3d64df8 e-flex e-con-boxed e-con e-parent\" data-id=\"3d64df8\" data-element_type=\"container\">\n\t\t\t\t\t<div class=\"e-con-inner\">\n\t\t<div class=\"elementor-element elementor-element-14ab8ed e-flex e-con-boxed e-con e-child\" data-id=\"14ab8ed\" data-element_type=\"container\">\n\t\t\t\t\t<div class=\"e-con-inner\">\n\t\t\t\t<div class=\"elementor-element elementor-element-81947fa elementor-widget elementor-widget-html\" data-id=\"81947fa\" data-element_type=\"widget\" data-widget_type=\"html.default\">\n\t\t\t\t<div class=\"elementor-widget-container\">\n\t\t\t\t\t<script language=\"javascript\" src=\"https:\/\/widget.raisenow.com\/widgets\/lema\/mutte-ea96\/js\/dds-init-widget-de.js\" type=\"text\/javascript\"><\/script>\r\n\r\n<div class=\"dds-widget-container\" data-widget=\"lema\"><\/div>\t\t\t\t<\/div>\n\t\t\t\t<\/div>\n\t\t\t\t\t<\/div>\n\t\t\t\t<\/div>\n\t\t\t\t\t<\/div>\n\t\t\t\t<\/div>\n\t\t\t\t<\/div>","protected":false},"excerpt":{"rendered":"<p>Fragen, Vorschl\u00e4ge, Anliegen \u2013 z\u00f6gern Sie bitte nicht, uns zu kontaktieren. Ihre Nachricht ADRESSE Mutter Teresa &#8211; HWV SchweizLuzernerstrasse 88, 6014 Luzern, Schweiz Telefon 041 250 27 92 E-mail info@mutterteresa-hwv.ch &#171;Nicht alle von uns k\u00f6nnen grosse Dinge tun. Aber wir k\u00f6nnen kleine Dinge mit grosser Liebe tun&#187; Mutter Teresa &#171;Wenn du Menschen beurteilst, hast du [&hellip;]<\/p>","protected":false},"author":1,"featured_media":0,"parent":0,"menu_order":0,"comment_status":"closed","ping_status":"closed","template":"blank-template.php","meta":{"give_campaign_id":0,"footnotes":""},"class_list":["post-72","page","type-page","status-publish","hentry"],"campaignId":"","_links":{"self":[{"href":"https:\/\/mutterteresa-hwv.ch\/al\/wp-json\/wp\/v2\/pages\/72","targetHints":{"allow":["GET"]}}],"collection":[{"href":"https:\/\/mutterteresa-hwv.ch\/al\/wp-json\/wp\/v2\/pages"}],"about":[{"href":"https:\/\/mutterteresa-hwv.ch\/al\/wp-json\/wp\/v2\/types\/page"}],"author":[{"embeddable":true,"href":"https:\/\/mutterteresa-hwv.ch\/al\/wp-json\/wp\/v2\/users\/1"}],"replies":[{"embeddable":true,"href":"https:\/\/mutterteresa-hwv.ch\/al\/wp-json\/wp\/v2\/comments?post=72"}],"version-history":[{"count":208,"href":"https:\/\/mutterteresa-hwv.ch\/al\/wp-json\/wp\/v2\/pages\/72\/revisions"}],"predecessor-version":[{"id":7123,"href":"https:\/\/mutterteresa-hwv.ch\/al\/wp-json\/wp\/v2\/pages\/72\/revisions\/7123"}],"wp:attachment":[{"href":"https:\/\/mutterteresa-hwv.ch\/al\/wp-json\/wp\/v2\/media?parent=72"}],"curies":[{"name":"wp","href":"https:\/\/api.w.org\/{rel}","templated":true}]}}