{"id":5850,"date":"2024-07-16T15:04:29","date_gmt":"2024-07-16T15:04:29","guid":{"rendered":"https:\/\/new-muttertheresa-hwv.musaj.com\/?page_id=5850"},"modified":"2025-03-10T14:55:04","modified_gmt":"2025-03-10T14:55:04","slug":"impressum","status":"publish","type":"page","link":"https:\/\/mutterteresa-hwv.ch\/al\/impressum\/","title":{"rendered":"Impressum"},"content":{"rendered":"<p><strong>Mutter Teresa \u2013 HWV Schweiz<br><\/strong>ICT, Presse und Neue Medien<br><strong>Luzernerstrasse 88<br><\/strong>6014 Luzern<\/p>\n\n\n\n<p><strong>Credit Suisse<br><\/strong>Konto Nr.: 465252-71<br>IBAN: CH18 0483 5046 5252 7100 0<\/p>\n\n\n\n<p><strong>Technische Umsetzung<br><\/strong>Abteilung \u2013 ICT, Presse und Neue Medien<\/p>\n\n\n\n<p><strong>Haftungshinweis<\/strong><br>Trotz sorgf\u00e4ltiger inhaltlicher Kontrolle \u00fcbernehmen wir keine Haftung f\u00fcr die Inhalte externer Links. F\u00fcr den Inhalt der verlinkten Seiten sind ausschliesslich deren Betreiber verantwortlich.<\/p>\n\n\n\n<p><strong>Handelsregister des Kantons Luzern<\/strong><br>CHE-109.846.593<\/p>","protected":false},"excerpt":{"rendered":"<p>Mutter Teresa \u2013 HWV SchweizICT, Presse und Neue MedienLuzernerstrasse 886014 Luzern Credit SuisseKonto Nr.: 465252-71IBAN: CH18 0483 5046 5252 7100 0 Technische UmsetzungAbteilung \u2013 ICT, Presse und Neue Medien HaftungshinweisTrotz sorgf\u00e4ltiger inhaltlicher Kontrolle \u00fcbernehmen wir keine Haftung f\u00fcr die Inhalte externer Links. F\u00fcr den Inhalt der verlinkten Seiten sind ausschliesslich deren Betreiber verantwortlich. Handelsregister des [&hellip;]<\/p>","protected":false},"author":1,"featured_media":0,"parent":0,"menu_order":0,"comment_status":"closed","ping_status":"closed","template":"","meta":{"give_campaign_id":0,"footnotes":""},"class_list":["post-5850","page","type-page","status-publish","hentry"],"campaignId":"","_links":{"self":[{"href":"https:\/\/mutterteresa-hwv.ch\/al\/wp-json\/wp\/v2\/pages\/5850","targetHints":{"allow":["GET"]}}],"collection":[{"href":"https:\/\/mutterteresa-hwv.ch\/al\/wp-json\/wp\/v2\/pages"}],"about":[{"href":"https:\/\/mutterteresa-hwv.ch\/al\/wp-json\/wp\/v2\/types\/page"}],"author":[{"embeddable":true,"href":"https:\/\/mutterteresa-hwv.ch\/al\/wp-json\/wp\/v2\/users\/1"}],"replies":[{"embeddable":true,"href":"https:\/\/mutterteresa-hwv.ch\/al\/wp-json\/wp\/v2\/comments?post=5850"}],"version-history":[{"count":3,"href":"https:\/\/mutterteresa-hwv.ch\/al\/wp-json\/wp\/v2\/pages\/5850\/revisions"}],"predecessor-version":[{"id":7069,"href":"https:\/\/mutterteresa-hwv.ch\/al\/wp-json\/wp\/v2\/pages\/5850\/revisions\/7069"}],"wp:attachment":[{"href":"https:\/\/mutterteresa-hwv.ch\/al\/wp-json\/wp\/v2\/media?parent=5850"}],"curies":[{"name":"wp","href":"https:\/\/api.w.org\/{rel}","templated":true}]}}