{"id":1036,"date":"2021-12-03T14:47:55","date_gmt":"2021-12-03T14:47:55","guid":{"rendered":"https:\/\/wptf.themepul.com\/ecolar\/?page_id=1036"},"modified":"2025-12-20T20:29:18","modified_gmt":"2025-12-20T20:29:18","slug":"spenden","status":"publish","type":"page","link":"https:\/\/mutterteresa-hwv.ch\/al\/spenden\/","title":{"rendered":"Donacione"},"content":{"rendered":"<div data-elementor-type=\"wp-page\" data-elementor-id=\"1036\" class=\"elementor elementor-1036\" data-elementor-post-type=\"page\">\n\t\t\t\t<div class=\"elementor-element elementor-element-033fbdb e-flex e-con-boxed e-con e-parent\" data-id=\"033fbdb\" data-element_type=\"container\">\n\t\t\t\t\t<div class=\"e-con-inner\">\n\t\t<div class=\"elementor-element elementor-element-9854851 e-con-full e-flex e-con e-child\" data-id=\"9854851\" data-element_type=\"container\">\n\t\t\t\t<div class=\"elementor-element elementor-element-e357b39 elementor-widget elementor-widget-heading\" data-id=\"e357b39\" data-element_type=\"widget\" data-widget_type=\"heading.default\">\n\t\t\t\t<div class=\"elementor-widget-container\">\n\t\t\t\t\t<h2 class=\"elementor-heading-title elementor-size-default\">Donacione<\/h2>\t\t\t\t<\/div>\n\t\t\t\t<\/div>\n\t\t\t\t<div class=\"elementor-element elementor-element-dd2961a elementor-widget elementor-widget-text-editor\" data-id=\"dd2961a\" data-element_type=\"widget\" data-widget_type=\"text-editor.default\">\n\t\t\t\t<div class=\"elementor-widget-container\">\n\t\t\t\t\t\t\t\t\t<iframe id=\"inlineFrameExample\" title=\"Inline Frame Example\" src=\"https:\/\/donate.raisenow.io\/hjsgp\" width=\"100%\" height=\"500\"><span style=\"display: inline-block; width: 0px; overflow: hidden; line-height: 0;\" data-mce-type=\"bookmark\" class=\"mce_SELRES_start\"><\/span>\n<\/iframe>\n<h5>Unsere Bankverbindungen sind wie folgt:<\/h5>\nCredit Suisse AG\n\nSchwanenpl. 8, 6002 Luzern, Schweiz\n\nIBAN: CH18 0483 5046 5252 7100 0\n\nKonto Nr: 465252-71\t\t\t\t\t\t\t\t<\/div>\n\t\t\t\t<\/div>\n\t\t\t\t<\/div>\n\t\t<div class=\"elementor-element elementor-element-dbab288 e-con-full e-flex e-con e-child\" data-id=\"dbab288\" data-element_type=\"container\">\n\t\t\t\t<div class=\"elementor-element elementor-element-2508ee4 elementor-widget elementor-widget-heading\" data-id=\"2508ee4\" data-element_type=\"widget\" data-widget_type=\"heading.default\">\n\t\t\t\t<div class=\"elementor-widget-container\">\n\t\t\t\t\t<h2 class=\"elementor-heading-title elementor-size-default\">Njoftim<\/h2>\t\t\t\t<\/div>\n\t\t\t\t<\/div>\n\t\t\t\t<div class=\"elementor-element elementor-element-974352d elementor-widget elementor-widget-text-editor\" data-id=\"974352d\" data-element_type=\"widget\" data-widget_type=\"text-editor.default\">\n\t\t\t\t<div class=\"elementor-widget-container\">\n\t\t\t\t\t\t\t\t\t<p>P\u00ebrdorim teknologjin\u00eb p\u00ebr donacione nga kompania RaiseNow AG, Hardturmstr. 101, 8005 Z\u00fcrich, politikat e privat\u00ebsis\u00eb s\u00eb s\u00eb cil\u00ebs mund t\u2019i shihni k\u00ebtu:\u00a0<span style=\"color: #3366ff;\"><a style=\"color: #3366ff;\" href=\"https:\/\/www.raisenow.com\/ch-de\/datenschutz\" target=\"_blank\" rel=\"noreferrer noopener\" aria-label=\"https:\/\/www.raisenow.com\/ch-de\/datenschutz (opens in a new tab)\">https:\/\/www.raisenow.com\/ch-de\/datenschutz<\/a>.<\/span> T\u00eb dh\u00ebnat personale dhe ato t\u00eb lidhura me pagesat, si edhe preferencat e komunikimit t\u00eb regjistruara, p\u00ebrpunohen nga RaiseNow n\u00eb baz\u00eb t\u00eb interesave tona sipas nenit 6 paragrafi 1 shkronja b t\u00eb Rregullores s\u00eb P\u00ebrgjithshme p\u00ebr Mbrojtjen e t\u00eb Dh\u00ebnave (GDPR) dhe n\u00eb baz\u00eb t\u00eb nj\u00eb kontrate p\u00ebr p\u00ebrpunimin e t\u00eb dh\u00ebnave sipas nenit 28 paragrafi 3 fjalia 1 e GDPR-s\u00eb. RaiseNow AG me seli n\u00eb Zvic\u00ebr dhe RaiseNow GmbH me seli n\u00eb Gjermani p\u00ebrmbushin t\u00eb gjitha k\u00ebrkesat e Rregullores Evropiane p\u00ebr Mbrojtjen e t\u00eb Dh\u00ebnave. Zvicra konsiderohet si nj\u00eb vend i tret\u00eb i sigurt, p\u00ebr t\u00eb cilin Komisioni Evropian ka miratuar nj\u00eb vendim t\u00eb p\u00ebrshtatshm\u00ebris\u00eb q\u00eb konfirmon nj\u00eb nivel t\u00eb mjaftuesh\u00ebm t\u00eb mbrojtjes s\u00eb t\u00eb dh\u00ebnave. Kjo p\u00ebrfshin, p\u00ebr shembull, sigurin\u00eb e p\u00ebrpunimit t\u00eb t\u00eb dh\u00ebnave, e cila tek RaiseNow AG kontrollohet dhe certifikohet rregullisht nga T\u00dcV S\u00dcD mbi baz\u00ebn e standardit t\u00eb siguris\u00eb PCI-DSS SAQ D Niveli 2 (<span style=\"color: #3366ff;\"><a style=\"color: #3366ff;\" href=\"https:\/\/developer.raisenow.com\/docs\/pci-dss\/Certificate-of-Validation_en.pdf\" target=\"_blank\" rel=\"noreferrer noopener\" aria-label=\"https:\/\/developer.raisenow.com\/docs\/pci-dss\/Certificate-of-Validation_en.pdf (opens in a new tab)\">https:\/\/developer.raisenow.com\/docs\/pci-dss\/Certificate-of-Validation_en.pdf<\/a><\/span>). RaiseNow mund t\u2019i p\u00ebrdor\u00eb t\u00eb dh\u00ebnat e regjistruara n\u00eb form\u00eb t\u00eb anonimizuar, pra pa mund\u00ebsi identifikimi t\u00eb donatorit, p\u00ebr q\u00ebllime t\u00eb optimizimit ose p\u00ebrmir\u00ebsimit t\u00eb sh\u00ebrbimeve t\u00eb veta, por jo p\u00ebr t\u2019i kontaktuar drejtp\u00ebrdrejt donator\u00ebt apo p\u00ebr t\u00eb kaluar t\u00eb dh\u00ebna te pal\u00eb t\u00eb treta.<\/p>\t\t\t\t\t\t\t\t<\/div>\n\t\t\t\t<\/div>\n\t\t\t\t<\/div>\n\t\t\t\t\t<\/div>\n\t\t\t\t<\/div>\n\t\t\t\t<\/div>","protected":false},"excerpt":{"rendered":"<p>Spenden \ufeff Unsere Bankverbindungen sind wie folgt: Credit Suisse AG Schwanenpl. 8, 6002 Luzern, Schweiz IBAN: CH18 0483 5046 5252 7100 0 Konto Nr: 465252-71 Hinweis Wir setzen die Spendentechnologie der Firma RaiseNow AG, Hardturmstr. 101, 8005 Z\u00fcrich ein, deren Datenschutzrichtlinien hier einsehbar sind:\u00a0https:\/\/www.raisenow.com\/ch-de\/datenschutz. Die erfassten personen- und zahlungsbezogenen Daten sowie Kommunikations-Pr\u00e4ferenzen werden von RaiseNow [&hellip;]<\/p>","protected":false},"author":1,"featured_media":0,"parent":0,"menu_order":0,"comment_status":"closed","ping_status":"closed","template":"elementor_header_footer","meta":{"give_campaign_id":0,"footnotes":""},"class_list":["post-1036","page","type-page","status-publish","hentry"],"campaignId":"","_links":{"self":[{"href":"https:\/\/mutterteresa-hwv.ch\/al\/wp-json\/wp\/v2\/pages\/1036","targetHints":{"allow":["GET"]}}],"collection":[{"href":"https:\/\/mutterteresa-hwv.ch\/al\/wp-json\/wp\/v2\/pages"}],"about":[{"href":"https:\/\/mutterteresa-hwv.ch\/al\/wp-json\/wp\/v2\/types\/page"}],"author":[{"embeddable":true,"href":"https:\/\/mutterteresa-hwv.ch\/al\/wp-json\/wp\/v2\/users\/1"}],"replies":[{"embeddable":true,"href":"https:\/\/mutterteresa-hwv.ch\/al\/wp-json\/wp\/v2\/comments?post=1036"}],"version-history":[{"count":67,"href":"https:\/\/mutterteresa-hwv.ch\/al\/wp-json\/wp\/v2\/pages\/1036\/revisions"}],"predecessor-version":[{"id":7348,"href":"https:\/\/mutterteresa-hwv.ch\/al\/wp-json\/wp\/v2\/pages\/1036\/revisions\/7348"}],"wp:attachment":[{"href":"https:\/\/mutterteresa-hwv.ch\/al\/wp-json\/wp\/v2\/media?parent=1036"}],"curies":[{"name":"wp","href":"https:\/\/api.w.org\/{rel}","templated":true}]}}